{"id":2119,"date":"2023-07-31T16:53:53","date_gmt":"2023-07-31T16:53:53","guid":{"rendered":"http:\/\/fssh.rjt.ac.lk\/?page_id=2119"},"modified":"2023-10-02T10:05:26","modified_gmt":"2023-10-02T10:05:26","slug":"dr-m-g-n-dayananda","status":"publish","type":"page","link":"https:\/\/fssh.rjt.ac.lk\/index.php\/dr-m-g-n-dayananda\/","title":{"rendered":"Dr. M.G.N. Dayananda"},"content":{"rendered":"\n<div class=\"wp-block-columns is-layout-flex wp-container-core-columns-is-layout-9d6595d7 wp-block-columns-is-layout-flex\">\n<div class=\"wp-block-column is-layout-flow wp-block-column-is-layout-flow\" style=\"flex-basis:25%\">\n<figure class=\"wp-block-gallery has-nested-images columns-default has-white-background-color has-background wp-block-gallery-1 is-layout-flex wp-block-gallery-is-layout-flex\">\n<figure class=\"wp-block-image size-full is-style-rounded\"><img loading=\"lazy\" decoding=\"async\" width=\"869\" height=\"1024\" data-id=\"1677\" src=\"https:\/\/fssh.rjt.ac.lk\/wp-content\/uploads\/2023\/07\/dayanandanilmini82-10-copy-869x1024-1.jpg\" alt=\"\" class=\"wp-image-1677\" srcset=\"https:\/\/fssh.rjt.ac.lk\/wp-content\/uploads\/2023\/07\/dayanandanilmini82-10-copy-869x1024-1.jpg 869w, https:\/\/fssh.rjt.ac.lk\/wp-content\/uploads\/2023\/07\/dayanandanilmini82-10-copy-869x1024-1-255x300.jpg 255w, https:\/\/fssh.rjt.ac.lk\/wp-content\/uploads\/2023\/07\/dayanandanilmini82-10-copy-869x1024-1-768x905.jpg 768w\" sizes=\"auto, (max-width: 869px) 100vw, 869px\" \/><\/figure>\n<\/figure>\n<\/div>\n\n\n\n<div class=\"wp-block-column is-vertically-aligned-top is-layout-flow wp-block-column-is-layout-flow\" style=\"flex-basis:75%\">\n<br><br>\n\n\n\n<h3 class=\"wp-block-heading\"><strong>Senior Lecturer<\/strong><\/h3>\n\n\n\n<p><strong>nilmini@ssh.rjt.ac.lk<\/strong><\/p>\n\n\n\n<p><strong>+94 719109025<\/strong><\/p>\n\n\n\n\n\n<div class=\"wp-block-columns is-layout-flex wp-container-core-columns-is-layout-9d6595d7 wp-block-columns-is-layout-flex\">\n<div class=\"wp-block-column is-layout-flow wp-block-column-is-layout-flow\" style=\"flex-basis:50px\">\n<figure class=\"wp-block-image size-full is-resized is-style-rounded\"><img loading=\"lazy\" decoding=\"async\" src=\"https:\/\/fssh.rjt.ac.lk\/wp-content\/uploads\/2023\/05\/96351903-818a8b00-1084-11eb-96f6-3a931d66fff6.png\" alt=\"\" class=\"wp-image-125\" style=\"width:54px;height:52px\" width=\"54\" height=\"52\" srcset=\"https:\/\/fssh.rjt.ac.lk\/wp-content\/uploads\/2023\/05\/96351903-818a8b00-1084-11eb-96f6-3a931d66fff6.png 900w, https:\/\/fssh.rjt.ac.lk\/wp-content\/uploads\/2023\/05\/96351903-818a8b00-1084-11eb-96f6-3a931d66fff6-300x293.png 300w, https:\/\/fssh.rjt.ac.lk\/wp-content\/uploads\/2023\/05\/96351903-818a8b00-1084-11eb-96f6-3a931d66fff6-768x751.png 768w\" sizes=\"auto, (max-width: 54px) 100vw, 54px\" \/><\/figure>\n<\/div>\n\n\n\n<div class=\"wp-block-column is-layout-flow wp-block-column-is-layout-flow\" style=\"flex-basis:50px\">\n<figure class=\"wp-block-image size-large is-resized is-style-rounded\"><img loading=\"lazy\" decoding=\"async\" src=\"https:\/\/fssh.rjt.ac.lk\/wp-content\/uploads\/2023\/05\/ResearchGate_icon_SVG.svg_-1024x1024.png\" alt=\"\" class=\"wp-image-124\" style=\"width:47px;height:47px\" width=\"47\" height=\"47\" srcset=\"https:\/\/fssh.rjt.ac.lk\/wp-content\/uploads\/2023\/05\/ResearchGate_icon_SVG.svg_-1024x1024.png 1024w, https:\/\/fssh.rjt.ac.lk\/wp-content\/uploads\/2023\/05\/ResearchGate_icon_SVG.svg_-300x300.png 300w, https:\/\/fssh.rjt.ac.lk\/wp-content\/uploads\/2023\/05\/ResearchGate_icon_SVG.svg_-150x150.png 150w, https:\/\/fssh.rjt.ac.lk\/wp-content\/uploads\/2023\/05\/ResearchGate_icon_SVG.svg_-768x768.png 768w, https:\/\/fssh.rjt.ac.lk\/wp-content\/uploads\/2023\/05\/ResearchGate_icon_SVG.svg_-1536x1536.png 1536w, https:\/\/fssh.rjt.ac.lk\/wp-content\/uploads\/2023\/05\/ResearchGate_icon_SVG.svg_.png 2048w\" sizes=\"auto, (max-width: 47px) 100vw, 47px\" \/><\/figure>\n<\/div>\n<\/div>\n<\/div>\n<\/div>\n\n\n\n<hr class=\"wp-block-separator has-alpha-channel-opacity\"\/>\n\n\n\n<div class=\"wp-block-group\"><div class=\"wp-block-group__inner-container is-layout-constrained wp-block-group-is-layout-constrained\">\n<h2 class=\"wp-block-heading has-medium-font-size\"><img loading=\"lazy\" decoding=\"async\" width=\"30\" height=\"30\" class=\"wp-image-1815\" style=\"width: 30px;\" src=\"https:\/\/fssh.rjt.ac.lk\/wp-content\/uploads\/2023\/07\/3079106.png\" alt=\"\" srcset=\"https:\/\/fssh.rjt.ac.lk\/wp-content\/uploads\/2023\/07\/3079106.png 512w, https:\/\/fssh.rjt.ac.lk\/wp-content\/uploads\/2023\/07\/3079106-300x300.png 300w, https:\/\/fssh.rjt.ac.lk\/wp-content\/uploads\/2023\/07\/3079106-150x150.png 150w, https:\/\/fssh.rjt.ac.lk\/wp-content\/uploads\/2023\/07\/3079106-500x500.png 500w\" sizes=\"auto, (max-width: 30px) 100vw, 30px\" \/>  <strong>Biography<\/strong><\/h2>\n\n\n\n<p>I am a Senior Lecturer (Grade II) in Sinhala&nbsp; attached to Department of Languages. I am the Subject Coordinator in Sinhala.&nbsp; My special research area is Linguistics. I am a author of novels and short stories. I am a translator and a poet. I am from Mawanella. I studied at Kg\/St.Josephs\u2019 B.M.V., University of Peadeniya, University of Kelaniya and University of Delhi. I have many achievements at Island, provincial, district and zonal levels.&nbsp;&nbsp;<\/p>\n<\/div><\/div>\n\n\n\n<hr class=\"wp-block-separator has-alpha-channel-opacity is-style-dots\"\/>\n\n\n\n<h2 class=\"wp-block-heading has-medium-font-size\"><img loading=\"lazy\" decoding=\"async\" width=\"30\" height=\"30\" class=\"wp-image-1830\" style=\"width: 30px;\" src=\"https:\/\/fssh.rjt.ac.lk\/wp-content\/uploads\/2023\/07\/4207248.png\" alt=\"\" srcset=\"https:\/\/fssh.rjt.ac.lk\/wp-content\/uploads\/2023\/07\/4207248.png 512w, https:\/\/fssh.rjt.ac.lk\/wp-content\/uploads\/2023\/07\/4207248-300x300.png 300w, https:\/\/fssh.rjt.ac.lk\/wp-content\/uploads\/2023\/07\/4207248-150x150.png 150w, https:\/\/fssh.rjt.ac.lk\/wp-content\/uploads\/2023\/07\/4207248-500x500.png 500w\" sizes=\"auto, (max-width: 30px) 100vw, 30px\" \/> <strong>Educational qualifications<\/strong><\/h2>\n\n\n\n<ul class=\"wp-block-list\">\n<li>Ph.D (KLN), M.Phil. (PDN), B.A.(Hon) (PDN), Diploma in Tamil (KLN)-Merit pass, Diploma in Translation &amp; Interpretation (KLN)<\/li>\n\n\n\n<li>Successfully completed the Staff Development Course at Rajarata University of Sri Lanka \u20132014.<\/li>\n\n\n\n<li>Successfully completed the Extension Course in English for Professionals (Intermediate Level) which was conducted by the Department of English at the University of Peradeniya \u2013 2008.<\/li>\n\n\n\n<li>Distinction Pass has been obtained in the English and Skills Development Programme conducted by the English Language Teaching Unit &amp; Career Guidance Unit at the University of Peradeniya -2007.<\/li>\n<\/ul>\n\n\n\n<hr class=\"wp-block-separator has-alpha-channel-opacity is-style-dots\"\/>\n\n\n\n<h2 class=\"wp-block-heading has-medium-font-size\"><img loading=\"lazy\" decoding=\"async\" width=\"30\" height=\"30\" class=\"wp-image-1841\" style=\"width: 30px;\" src=\"https:\/\/fssh.rjt.ac.lk\/wp-content\/uploads\/2023\/07\/2345221.png\" alt=\"\" srcset=\"https:\/\/fssh.rjt.ac.lk\/wp-content\/uploads\/2023\/07\/2345221.png 512w, https:\/\/fssh.rjt.ac.lk\/wp-content\/uploads\/2023\/07\/2345221-300x300.png 300w, https:\/\/fssh.rjt.ac.lk\/wp-content\/uploads\/2023\/07\/2345221-150x150.png 150w, https:\/\/fssh.rjt.ac.lk\/wp-content\/uploads\/2023\/07\/2345221-500x500.png 500w\" sizes=\"auto, (max-width: 30px) 100vw, 30px\" \/><strong> Research Interests<\/strong><\/h2>\n\n\n\n<ul class=\"wp-block-list\">\n<li>Linguistics, Classical Sinhala Prose, History of the Language, Modern Sinhala Prose &amp; Verse,&nbsp; Sinhala Drama, Sinhala Culture<\/li>\n<\/ul>\n\n\n\n<hr class=\"wp-block-separator has-alpha-channel-opacity is-style-dots\"\/>\n\n\n\n<h2 class=\"wp-block-heading has-medium-font-size\"><img loading=\"lazy\" decoding=\"async\" width=\"30\" height=\"30\" class=\"wp-image-1844\" style=\"width: 30px;\" src=\"https:\/\/fssh.rjt.ac.lk\/wp-content\/uploads\/2023\/07\/image.png\" alt=\"\" srcset=\"https:\/\/fssh.rjt.ac.lk\/wp-content\/uploads\/2023\/07\/image.png 512w, https:\/\/fssh.rjt.ac.lk\/wp-content\/uploads\/2023\/07\/image-300x300.png 300w, https:\/\/fssh.rjt.ac.lk\/wp-content\/uploads\/2023\/07\/image-150x150.png 150w, https:\/\/fssh.rjt.ac.lk\/wp-content\/uploads\/2023\/07\/image-500x500.png 500w\" sizes=\"auto, (max-width: 30px) 100vw, 30px\" \/> <strong>Research Publications<\/strong><\/h2>\n\n\n\n<p><strong>Publication <\/strong><\/p>\n\n\n\n<ul class=\"wp-block-list\">\n<li>Amawake Sanda Paya :<br>This is a novel which describes climate and social changes which will happen in 2048. There are some predictions in this novel. It was offered to the president on 24-02-2012. It was published as an Ariya publication in 2012. 165 copies of this novel have been bought by the Ministry of Cultural Affairs in 2013.<\/li>\n<\/ul>\n\n\n\n<ul class=\"wp-block-list\">\n<li>Anathaya saha Thawath Katha :<br>This&nbsp; is&nbsp; a translation&nbsp; of&nbsp; selected short stories from The Lost&nbsp; one&nbsp; and&nbsp; Other&nbsp; Stories&nbsp; which&nbsp; was&nbsp; written&nbsp; by&nbsp; Mrs. Nirmali&nbsp; Hettiarachchi. \u201cThe Lost One\u201d has been honored by \u2018Deustschewelle\u2019 prize as the best short story of South Asia.&nbsp; It was published as a Godage publication in 2010.<\/li>\n\n\n\n<li>Vana Vikum :<br>This is a novel for youths that was published as an author publication in 2007.<\/li>\n\n\n\n<li>Peththappugen Padamak :<br>This is a story for children which was published as an author publication in 2006.<\/li>\n\n\n\n<li>Raththaran Kurulla:<br>This is a story for children which was published as a Godage publication in 2018.<\/li>\n<\/ul>\n\n\n\n<p><strong>Research Papers:<\/strong><\/p>\n\n\n\n<p>\u201cButhsarana and Expressions of Piety\u201d (\u201cnq;airK yd Nla;s j\u00beKkd ud\u00be.h\u02dc) \u2013 Journal of the Department of Humanities \u2013 Rajarata University of Sri Lanka \u2013 2013.<\/p>\n\n\n\n<ul class=\"wp-block-list\">\n<li>\u201cThe Feature of Sinhalese Language 12th and 13th Centuries through Buthsarana\u201d (\u201cnq;airKska ksrEms; fodf&lt;diajk\u201d oy;=kajk ishjiays isxy, NdIdf\u00f5 iajrEmh\u02dc) \u2013 Journal of the Department of Archaeology \u2013 Rajarata University of Sri Lanka -2013.<\/li>\n\n\n\n<li>\u201cUtillization of Prepositions in Buthsarana\u201d (\u201cnq;airfKa ksmd; fhdackh\u02dc)- Samodhana \u2013 Journal of the Faculty of Social Sciences and Humanities \u2013 Rajarata University of Sri Lanka -2014.<\/li>\n\n\n\n<li>\u201c20th Century Poetry in Fiftieth\u201d (\u201c\u00faisjk ishjfia mkfy oYlfha isxy, moH ldjH\u02dc)- Jayasumana \u2013 A Collection of Academic Essays \u2013 2017.<\/li>\n\n\n\n<li>\u201cDawn of the Sinhala Culture with Advent of Arahath Mahinda Thero\u201d (\u201cuyskaod.ukh yd isxy, ixialD;sfha Wodj\u201d), \u2013 Nenesa Refereed Journal \u2013 2018.<\/li>\n\n\n\n<li>\u201cCulture of Mihinda Thero and Present Situation\u201d (\u201c\u00f1ys\u00f7 ixialD;sh iy tys j\u00be;udk uqyqKqjr\u02dc) \u2013 Prawarthana \u2013 Buddhist Association of Custom \u2013 2018.<\/li>\n\n\n\n<li>\u201cAmavathura and Expressions of Piety\u201d \u2013 (\u201cwudj;=r yd Nla;s j\u00beKkd ud\u00be.h\u02dc) \u2013 Prawarthana \u2013 Buddhist Association of Custom \u2013 2019.<\/li>\n\n\n\n<li>\u201cClassical Sinhala Prosaic Depiction of&nbsp; Ruwanweliseya\u201d \u2013 (\u201ci\u00efNdjH isxy, .oHfha rejkaje,s iE ks\u00beudKh ksrEmKh jk wdldrh\u02dc) \u2013 Prawarthana \u2013 Buddhist Association of Custom \u2013 2020.<\/li>\n\n\n\n<li>\u201cThe Expression of Piety Appeared in Poojawaliya\u201d- (\u201cmQcdj,sfha Nla;s j\u00beKkd ud\u00be.h\u02dc) \u2013 Samodhana \u2013 Journal of the Faculty of Social Sciences and Humanities \u2013 Rajarata University of Sri Lanka \u2013 2020.<\/li>\n\n\n\n<li>\u201cSinhala rituals related to the cult of the goddess Paththini\u201d (\u201cm;a;sks weoySu yd i\u00efnkaO isxy, wNspdr l%u \u02dc) \u2013 Journal of the Department of Humanities \u2013 Rajarata University of Sri Lanka \u2013 2020.<\/li>\n<\/ul>\n\n\n\n<p><strong>Research Abstracts:<\/strong><\/p>\n\n\n\n<ul class=\"wp-block-list\">\n<li>\u201cA Morphological and Syntactical Study of Nouns in Buthsarana.\u201d for the 2nd International Research Symposium in Rajarata University of Sri Lanka \u2013 2014.<\/li>\n\n\n\n<li>\u201cA Syntactical Study of Buthsarana\u201d (\u201cnq;airfKa jdlH \u00fakHdih\u02dc) for the First National Linguistics Symposium which organized by the Department of Linguistics in University of Kelaniya \u2013 2013.<\/li>\n\n\n\n<li>\u201cAn Archaeological and Historical Study of Ambulugala Sri Danthapaya Raja Maha Viharaya\u201d(\u201cw\u00efnq\u00a8., YS% oka;mdh rcuy \u00faydrh( ft;sydisl yd mqrd\u00faoHd;aul wOHhkhla\u02dc) for the Archaeology Symposium which organized by the Department of Archaeology in Rajarata University of Sri Lanka \u2013 2013.&nbsp;<\/li>\n\n\n\n<li>\u201cThe Function of Cases in Buthsarana\u201d (\u201cnq;airfKa \u00faNla;s Nd\u00fa;h\u02dc) for the 7th Annual Research Conference on Humanities and Social Sciences of the Royal Asiatic Society in Sri Lanka \u2013 2014.<\/li>\n<\/ul>\n\n\n\n<p><strong>Newspaper Articles:<\/strong><\/p>\n\n\n\n<ul class=\"wp-block-list\">\n<li>\u201cCultural Value of the Advent of Arahath Mahinda Thero\u201d (\u201cuyskaod.ukfha ixialD;sl&nbsp; j\u00e1kdlu\u201d), Budusarana,&nbsp; 2012-07-02, 12.<\/li>\n\n\n\n<li>\u201cButhsarana \u2013 A Turning Point of Sinhala Literature\u201d (\u201cnq;airK isxy, idys;Hfha ika\u00eaia:dkhla iksgqyka lrkjd\u201d), Ada, 2014 \u2013 12- 22, 21.<\/li>\n\n\n\n<li>\u201c Creations of Excellent&nbsp; Can Produce a High Quality Community \u201d (\u201c\u00faYsIag ks\u00beudK ck;dj w;rg hkjd k\u00ef Wiia risl m%cdjla \u00ecys f\u00f5\u00fa\u201d) Ada, 2014 \u2013 12- 22<\/li>\n\n\n\n<li>\u201cCulture of Mahinda Thero and Watershed in Sri Lanka\u201d (\u201c\u00f1ys\u00f7 ixialD;shhs \u2013 is\u00df,l kfjdaohhs\u201d), Diwayina-Budu Maga, 08-06-2017, 8.<\/li>\n\n\n\n<li>\u201cCultural Revolution due to the Advent of Arahath Mahinda Thero\u201d (\u201c\u00f1ys\u00f7 wd.ukfha ixialD;sl mqkreoh\u201d), Lankadeepa, 22-06-2017, 21.<\/li>\n\n\n\n<li>\u201c Present&nbsp; Validity of the Aristotle\u2019s Poetry\u201d (\u201cwe\u00dfiafgdag,af.a zldjH Ydia;%hZ wo ojfia j,x.=;dj\u201d) , Diwayina-Watamandala , 2017-11-17, 21.<\/li>\n\n\n\n<li>\u201cPresent Validity of the Aristotle\u2019s Poetry II\u201d (\u201cwe\u00dfiafgdag,af.a zldjH Ydia;%hZ wo ojfia j,x.=;dj\u201d), Diwayina-Watamandala , 2017-11-24, 20.<\/li>\n<\/ul>\n\n\n\n<hr class=\"wp-block-separator has-alpha-channel-opacity is-style-dots\"\/>\n\n\n\n<h2 class=\"wp-block-heading has-medium-font-size\"><img loading=\"lazy\" decoding=\"async\" width=\"30\" height=\"30\" class=\"wp-image-1850\" style=\"width: 30px;\" src=\"https:\/\/fssh.rjt.ac.lk\/wp-content\/uploads\/2023\/07\/4024092.png\" alt=\"\" srcset=\"https:\/\/fssh.rjt.ac.lk\/wp-content\/uploads\/2023\/07\/4024092.png 512w, https:\/\/fssh.rjt.ac.lk\/wp-content\/uploads\/2023\/07\/4024092-300x300.png 300w, https:\/\/fssh.rjt.ac.lk\/wp-content\/uploads\/2023\/07\/4024092-150x150.png 150w, https:\/\/fssh.rjt.ac.lk\/wp-content\/uploads\/2023\/07\/4024092-500x500.png 500w\" sizes=\"auto, (max-width: 30px) 100vw, 30px\" \/>  <strong>Appointments<\/strong><\/h2>\n\n\n\n<ul class=\"wp-block-list\">\n<li>The Subject Coordinator of the Department of Languages \u2013 Rajarata University of Sri Lanka \u2013 from 10-07-2020 to the present.<\/li>\n\n\n\n<li>A Senior Lecturer (Grade II) in Sinhala \u2013 Rajarata University of Sri Lanka \u2013 from 01-01-2018 to the present.<\/li>\n\n\n\n<li>A Lecturer (Transitional) in Sinhala \u2013 Rajarata University of Sri Lanka \u2013 from 01-01-2016 to the present.<\/li>\n\n\n\n<li>Lecturer (Probationary) in Sinhala at Rajarata University of Sri Lanka since 01-01-2013 to present.<\/li>\n\n\n\n<li>A Chairperson of the 1st Undergraduate Research Symposium of the Faculty of Social Sciences and Humanities at Rajarata University of Sri Lanka in 2020.<\/li>\n\n\n\n<li>A member of the syllabus revision committee of the Department of Languages at Rajarata University of Sri Lanka since 2020.<\/li>\n\n\n\n<li>A Chief Supervisor of the G.C.E. (A\/L) Examination at Central College, Anuradhapura in 2014 and 2015.<\/li>\n\n\n\n<li>An Examiner of the G.C.E. (A\/L) re-corrections in 2014.<\/li>\n\n\n\n<li>An Academic Sub-Warden at Rathnamali female hostel since 01.02.2013 to 01.06.2016.<\/li>\n\n\n\n<li>Sub-Editor of the refried journal of the Department of Humanities at Rajarata University of Sri Lanka which was published in 2013.<\/li>\n\n\n\n<li>A Research Assistance of the research project on palm leaves which is conducted by the Department of Languages and the Department of Humanities at Rajarata University of Sri Lanka.<\/li>\n<\/ul>\n\n\n\n<hr class=\"wp-block-separator has-alpha-channel-opacity is-style-dots\"\/>\n\n\n\n<h2 class=\"wp-block-heading has-medium-font-size\"><img loading=\"lazy\" decoding=\"async\" width=\"30\" height=\"30\" class=\"wp-image-1856\" style=\"width: 30px;\" src=\"https:\/\/fssh.rjt.ac.lk\/wp-content\/uploads\/2023\/07\/3395949.png\" alt=\"\" srcset=\"https:\/\/fssh.rjt.ac.lk\/wp-content\/uploads\/2023\/07\/3395949.png 512w, https:\/\/fssh.rjt.ac.lk\/wp-content\/uploads\/2023\/07\/3395949-300x300.png 300w, https:\/\/fssh.rjt.ac.lk\/wp-content\/uploads\/2023\/07\/3395949-150x150.png 150w, https:\/\/fssh.rjt.ac.lk\/wp-content\/uploads\/2023\/07\/3395949-500x500.png 500w\" sizes=\"auto, (max-width: 30px) 100vw, 30px\" \/> <strong>Memberships and Awards<\/strong><\/h2>\n\n\n\n<p><strong>Memberships<\/strong>:<\/p>\n\n\n\n<ul class=\"wp-block-list\">\n<li>A member of the Royal Asiatic Society.<\/li>\n\n\n\n<li>A member of the National Authors List.&nbsp;&nbsp;&nbsp;&nbsp;<\/li>\n\n\n\n<li>A member of the Alumni Association at the University of Peradeniya.<\/li>\n\n\n\n<li>A member of the Academic Staff Association at Rajarata University of Sri Lanka.<\/li>\n\n\n\n<li>A member of Arts Council at Rajarata University of Sri Lanka.<\/li>\n\n\n\n<li>An Advisor of the Sinhala Literary&nbsp;&nbsp; Association.<\/li>\n\n\n\n<li>A member of the Sanskruthi Literary Association.<\/li>\n\n\n\n<li>A member of the Sathara Korala Literary Association.<\/li>\n\n\n\n<li>A member of the Old Girls Association at Kg\/St.Josephs\u2019 B.M.V.&nbsp;<\/li>\n<\/ul>\n\n\n\n<p><strong>Awards<\/strong>:<\/p>\n\n\n\n<ul class=\"wp-block-list\">\n<li>Research grant for the Degree of Doctor of Philosophy in Sinhala awarded by the National Centre for Advanced Studies in Humanities and Social Sciences \u2013 2015.<\/li>\n\n\n\n<li>Gate Mudliyar A.G.Thilakarathne Postgraduate Research Fellowship 2008 \/ 2009 for&nbsp; M\u2019Phil. thesis at the University of Peradeniya.<\/li>\n\n\n\n<li>Mahapola Higher Education (Merit) Scholarship \u2013 2001 \/ 2002 awarded by the Mahapola Higher Education Scholarship Trust Fund\u2019<\/li>\n\n\n\n<li>A colours holder (Gold) for Sinhala Language and Literature in the year 1999 \/ 2000 at Kg \/ St.Joseph\u2019s Balika Maha Vidyalaya<\/li>\n<\/ul>\n\n\n\n<hr class=\"wp-block-separator has-alpha-channel-opacity is-style-dots\"\/>\n\n\n\n<h2 class=\"wp-block-heading has-medium-font-size\"><img loading=\"lazy\" decoding=\"async\" width=\"30\" height=\"30\" class=\"wp-image-1861\" style=\"width: 30px;\" src=\"https:\/\/fssh.rjt.ac.lk\/wp-content\/uploads\/2023\/07\/1813867.png\" alt=\"\" srcset=\"https:\/\/fssh.rjt.ac.lk\/wp-content\/uploads\/2023\/07\/1813867.png 512w, https:\/\/fssh.rjt.ac.lk\/wp-content\/uploads\/2023\/07\/1813867-300x300.png 300w, https:\/\/fssh.rjt.ac.lk\/wp-content\/uploads\/2023\/07\/1813867-150x150.png 150w, https:\/\/fssh.rjt.ac.lk\/wp-content\/uploads\/2023\/07\/1813867-500x500.png 500w\" sizes=\"auto, (max-width: 30px) 100vw, 30px\" \/> <strong>As a resource person in Seminars\/ Workshops\/ Staff Development <\/strong><\/h2>\n\n\n\n<p><strong>Unpublished Books:<\/strong><\/p>\n\n\n\n<ul class=\"wp-block-list\">\n<li>Amavathure ha Buthsarane Wakya Winyasa Thulanaya :<br>This is the edited Ph.D thesis which was awarded by the National Centre for Advanced Studies in Humanities and Social Sciences in&nbsp; 2015<\/li>\n\n\n\n<li>Buthsarane Wakya Winyasaya:<br>This is the edited M.Phil. thesis which was awarded the \u2018Gate Mudliyar A.G. Thilakarathne Postgraduate Research Fellowship\u2019 at&nbsp; the University of Peradeniya in 2009. This syntactical study is important for both Linguistics and Sinhalese Classical Literature. So far no other syntactical study has been done on this.<\/li>\n\n\n\n<li>Sahithya Gaweshi:<br>This is a collection of research articles.<\/li>\n\n\n\n<li>Sahithya Vimarshana:<br>This is a collection of research articles.<\/li>\n\n\n\n<li>Rejina numbayi Corona: This is the collection of poems.<\/li>\n\n\n\n<li>Mayina Sandeshaya<\/li>\n<\/ul>\n","protected":false},"excerpt":{"rendered":"<p>Senior Lecturer nilmini@ssh.rjt.ac.lk +94 719109025 Biography I am a Senior Lecturer (Grade II) in Sinhala&nbsp; attached to Department of Languages. I am the Subject Coordinator in Sinhala.&nbsp; My special research area is Linguistics. I am a author of novels and short stories. I am a translator and a poet. I am from Mawanella. I studied at Kg\/St.Josephs\u2019 B.M.V., University of Peadeniya, University of Kelaniya and University of Delhi. I have many achievements at Island, provincial, district and zonal levels.&nbsp;&nbsp; Educational qualifications Research Interests Research Publications Publication Research Papers: \u201cButhsarana and Expressions of Piety\u201d (\u201cnq;airK yd Nla;s j\u00beKkd ud\u00be.h\u02dc) \u2013 Journal&#8230; <\/p>\n","protected":false},"author":1,"featured_media":1654,"parent":0,"menu_order":0,"comment_status":"closed","ping_status":"closed","template":"template-no-sidebar.php","meta":{"footnotes":""},"class_list":["post-2119","page","type-page","status-publish","has-post-thumbnail","hentry"],"rttpg_featured_image_url":{"full":["https:\/\/fssh.rjt.ac.lk\/wp-content\/uploads\/2023\/07\/image4-2.jpeg",1280,720,false],"landscape":["https:\/\/fssh.rjt.ac.lk\/wp-content\/uploads\/2023\/07\/image4-2.jpeg",1280,720,false],"portraits":["https:\/\/fssh.rjt.ac.lk\/wp-content\/uploads\/2023\/07\/image4-2.jpeg",1280,720,false],"thumbnail":["https:\/\/fssh.rjt.ac.lk\/wp-content\/uploads\/2023\/07\/image4-2-150x150.jpeg",150,150,true],"medium":["https:\/\/fssh.rjt.ac.lk\/wp-content\/uploads\/2023\/07\/image4-2-300x169.jpeg",300,169,true],"large":["https:\/\/fssh.rjt.ac.lk\/wp-content\/uploads\/2023\/07\/image4-2-1024x576.jpeg",1024,576,true],"1536x1536":["https:\/\/fssh.rjt.ac.lk\/wp-content\/uploads\/2023\/07\/image4-2.jpeg",1280,720,false],"2048x2048":["https:\/\/fssh.rjt.ac.lk\/wp-content\/uploads\/2023\/07\/image4-2.jpeg",1280,720,false],"homepage-thumb":["https:\/\/fssh.rjt.ac.lk\/wp-content\/uploads\/2023\/07\/image4-2-240x145.jpeg",240,145,true],"awsm_team":["https:\/\/fssh.rjt.ac.lk\/wp-content\/uploads\/2023\/07\/image4-2-500x500.jpeg",500,500,true]},"rttpg_author":{"display_name":"admin_fssh","author_link":"https:\/\/fssh.rjt.ac.lk\/index.php\/author\/admin_fssh\/"},"rttpg_comment":0,"rttpg_category":null,"rttpg_excerpt":"Senior Lecturer nilmini@ssh.rjt.ac.lk +94 719109025 Biography I am a Senior Lecturer (Grade II) in Sinhala&nbsp; attached to Department of Languages. I am the Subject Coordinator in Sinhala.&nbsp; My special research area is Linguistics. I am a author of novels and short stories. I am a translator and a poet. I am from Mawanella. I studied&hellip;","_links":{"self":[{"href":"https:\/\/fssh.rjt.ac.lk\/index.php\/wp-json\/wp\/v2\/pages\/2119","targetHints":{"allow":["GET"]}}],"collection":[{"href":"https:\/\/fssh.rjt.ac.lk\/index.php\/wp-json\/wp\/v2\/pages"}],"about":[{"href":"https:\/\/fssh.rjt.ac.lk\/index.php\/wp-json\/wp\/v2\/types\/page"}],"author":[{"embeddable":true,"href":"https:\/\/fssh.rjt.ac.lk\/index.php\/wp-json\/wp\/v2\/users\/1"}],"replies":[{"embeddable":true,"href":"https:\/\/fssh.rjt.ac.lk\/index.php\/wp-json\/wp\/v2\/comments?post=2119"}],"version-history":[{"count":3,"href":"https:\/\/fssh.rjt.ac.lk\/index.php\/wp-json\/wp\/v2\/pages\/2119\/revisions"}],"predecessor-version":[{"id":3895,"href":"https:\/\/fssh.rjt.ac.lk\/index.php\/wp-json\/wp\/v2\/pages\/2119\/revisions\/3895"}],"wp:featuredmedia":[{"embeddable":true,"href":"https:\/\/fssh.rjt.ac.lk\/index.php\/wp-json\/wp\/v2\/media\/1654"}],"wp:attachment":[{"href":"https:\/\/fssh.rjt.ac.lk\/index.php\/wp-json\/wp\/v2\/media?parent=2119"}],"curies":[{"name":"wp","href":"https:\/\/api.w.org\/{rel}","templated":true}]}}